{"id":9,"date":"2026-05-06T12:03:21","date_gmt":"2026-05-06T12:03:21","guid":{"rendered":"https:\/\/actividadesextraescolaresea.rkinformatika.online\/?page_id=9"},"modified":"2026-05-11T13:33:17","modified_gmt":"2026-05-11T13:33:17","slug":"inicio","status":"publish","type":"page","link":"https:\/\/actividadesextraescolaresea.com\/en\/","title":{"rendered":"Home"},"content":{"rendered":"<div data-elementor-type=\"wp-page\" data-elementor-id=\"9\" class=\"elementor elementor-9\" data-elementor-post-type=\"page\">\n\t\t\t\t<div class=\"elementor-element elementor-element-4648da82 e-flex e-con-boxed e-con e-parent\" data-id=\"4648da82\" data-element_type=\"container\" data-e-type=\"container\" data-settings=\"{&quot;background_background&quot;:&quot;classic&quot;,&quot;shape_divider_top&quot;:&quot;clouds&quot;}\">\n\t\t\t\t\t<div class=\"e-con-inner\">\n\t\t\t\t<div class=\"elementor-shape elementor-shape-top\" aria-hidden=\"true\" data-negative=\"false\">\n\t\t\t<svg xmlns=\"http:\/\/www.w3.org\/2000\/svg\" viewbox=\"0 0 283.5 27.8\" preserveaspectratio=\"xMidYMax slice\">\n  <path class=\"elementor-shape-fill\" d=\"M0 0v6.7c1.9-.8 4.7-1.4 8.5-1 9.5 1.1 11.1 6 11.1 6s2.1-.7 4.3-.2c2.1.5 2.8 2.6 2.8 2.6s.2-.5 1.4-.7c1.2-.2 1.7.2 1.7.2s0-2.1 1.9-2.8c1.9-.7 3.6.7 3.6.7s.7-2.9 3.1-4.1 4.7 0 4.7 0 1.2-.5 2.4 0 1.7 1.4 1.7 1.4h1.4c.7 0 1.2.7 1.2.7s.8-1.8 4-2.2c3.5-.4 5.3 2.4 6.2 4.4.4-.4 1-.7 1.8-.9 2.8-.7 4 .7 4 .7s1.7-5 11.1-6c9.5-1.1 12.3 3.9 12.3 3.9s1.2-4.8 5.7-5.7c4.5-.9 6.8 1.8 6.8 1.8s.6-.6 1.5-.9c.9-.2 1.9-.2 1.9-.2s5.2-6.4 12.6-3.3c7.3 3.1 4.7 9 4.7 9s1.9-.9 4 0 2.8 2.4 2.8 2.4 1.9-1.2 4.5-1.2 4.3 1.2 4.3 1.2.2-1 1.4-1.7 2.1-.7 2.1-.7-.5-3.1 2.1-5.5 5.7-1.4 5.7-1.4 1.5-2.3 4.2-1.1c2.7 1.2 1.7 5.2 1.7 5.2s.3-.1 1.3.5c.5.4.8.8.9 1.1.5-1.4 2.4-5.8 8.4-4 7.1 2.1 3.5 8.9 3.5 8.9s.8-.4 2 0 1.1 1.1 1.1 1.1 1.1-1.1 2.3-1.1 2.1.5 2.1.5 1.9-3.6 6.2-1.2 1.9 6.4 1.9 6.4 2.6-2.4 7.4 0c3.4 1.7 3.9 4.9 3.9 4.9s3.3-6.9 10.4-7.9 11.5 2.6 11.5 2.6.8 0 1.2.2c.4.2.9.9.9.9s4.4-3.1 8.3.2c1.9 1.7 1.5 5 1.5 5s.3-1.1 1.6-1.4c1.3-.3 2.3.2 2.3.2s-.1-1.2.5-1.9 1.9-.9 1.9-.9-4.7-9.3 4.4-13.4c5.6-2.5 9.2.9 9.2.9s5-6.2 15.9-6.2 16.1 8.1 16.1 8.1.7-.2 1.6-.4V0H0z\"\/>\n<\/svg>\n\t\t<\/div>\n\t\t\t\t<div class=\"elementor-element elementor-element-546c4b1e elementor-widget elementor-widget-heading\" data-id=\"546c4b1e\" data-element_type=\"widget\" data-e-type=\"widget\" data-widget_type=\"heading.default\">\n\t\t\t\t\t<h2 class=\"elementor-heading-title elementor-size-default\">Alcanza tus metas<\/h2>\t\t\t\t<\/div>\n\t\t\t\t<div class=\"elementor-element elementor-element-1219798b elementor-widget elementor-widget-heading\" data-id=\"1219798b\" data-element_type=\"widget\" data-e-type=\"widget\" data-widget_type=\"heading.default\">\n\t\t\t\t\t<h1 class=\"elementor-heading-title elementor-size-default\">YOUR SUCCESS STARTS HERE<\/h1>\t\t\t\t<\/div>\n\t\t\t\t<div class=\"elementor-element elementor-element-2121e11 elementor-widget elementor-widget-text-editor\" data-id=\"2121e11\" data-element_type=\"widget\" data-e-type=\"widget\" data-widget_type=\"text-editor.default\">\n\t\t\t\t\t\t\t\t\t<p>Preparation for Cambridge official exams, Personalized academic support, Effective study techniques, Individual follow-up and continuous pedagogical support.<\/p>\t\t\t\t\t\t\t\t<\/div>\n\t\t\t\t<div class=\"elementor-element elementor-element-1526a3cb elementor-align-center elementor-widget elementor-widget-button\" data-id=\"1526a3cb\" data-element_type=\"widget\" data-e-type=\"widget\" data-widget_type=\"button.default\">\n\t\t\t\t\t\t\t\t\t\t<a class=\"elementor-button elementor-button-link elementor-size-lg elementor-animation-grow\" href=\"https:\/\/actividadesextraescolaresea.com\/en\/servicio\/\">\n\t\t\t\t\t\t<span class=\"elementor-button-content-wrapper\">\n\t\t\t\t\t\t\t\t\t<span class=\"elementor-button-text\">SEE SERVICES &gt;<\/span>\n\t\t\t\t\t<\/span>\n\t\t\t\t\t<\/a>\n\t\t\t\t\t\t\t\t<\/div>\n\t\t\t\t\t<\/div>\n\t\t\t\t<\/div>\n\t\t<div class=\"elementor-element elementor-element-91c9391 e-flex e-con-boxed e-con e-parent\" data-id=\"91c9391\" data-element_type=\"container\" data-e-type=\"container\">\n\t\t\t\t\t<div class=\"e-con-inner\">\n\t\t<div class=\"elementor-element elementor-element-11c6528 e-flex e-con-boxed e-con e-child\" data-id=\"11c6528\" data-element_type=\"container\" data-e-type=\"container\">\n\t\t\t\t\t<div class=\"e-con-inner\">\n\t\t\t\t<div class=\"elementor-element elementor-element-fee917c elementor-widget elementor-widget-image\" data-id=\"fee917c\" data-element_type=\"widget\" data-e-type=\"widget\" data-widget_type=\"image.default\">\n\t\t\t\t\t\t\t\t\t\t\t\t\t\t\t<img fetchpriority=\"high\" decoding=\"async\" width=\"2560\" height=\"2270\" src=\"https:\/\/actividadesextraescolaresea.com\/wp-content\/uploads\/2026\/05\/abstract-book-with-glowing-light-and-doodle-graphi-2026-03-26-04-47-10-utc-scaled.jpg\" class=\"attachment-full size-full wp-image-451\" alt=\"\" srcset=\"https:\/\/actividadesextraescolaresea.com\/wp-content\/uploads\/2026\/05\/abstract-book-with-glowing-light-and-doodle-graphi-2026-03-26-04-47-10-utc-scaled.jpg 2560w, https:\/\/actividadesextraescolaresea.com\/wp-content\/uploads\/2026\/05\/abstract-book-with-glowing-light-and-doodle-graphi-2026-03-26-04-47-10-utc-300x266.jpg 300w, https:\/\/actividadesextraescolaresea.com\/wp-content\/uploads\/2026\/05\/abstract-book-with-glowing-light-and-doodle-graphi-2026-03-26-04-47-10-utc-1024x908.jpg 1024w, https:\/\/actividadesextraescolaresea.com\/wp-content\/uploads\/2026\/05\/abstract-book-with-glowing-light-and-doodle-graphi-2026-03-26-04-47-10-utc-768x681.jpg 768w, https:\/\/actividadesextraescolaresea.com\/wp-content\/uploads\/2026\/05\/abstract-book-with-glowing-light-and-doodle-graphi-2026-03-26-04-47-10-utc-1536x1362.jpg 1536w, https:\/\/actividadesextraescolaresea.com\/wp-content\/uploads\/2026\/05\/abstract-book-with-glowing-light-and-doodle-graphi-2026-03-26-04-47-10-utc-2048x1816.jpg 2048w, https:\/\/actividadesextraescolaresea.com\/wp-content\/uploads\/2026\/05\/abstract-book-with-glowing-light-and-doodle-graphi-2026-03-26-04-47-10-utc-14x12.jpg 14w\" sizes=\"(max-width: 2560px) 100vw, 2560px\" \/>\t\t\t\t\t\t\t\t\t\t\t\t\t\t\t<\/div>\n\t\t\t\t\t<\/div>\n\t\t\t\t<\/div>\n\t\t<div class=\"elementor-element elementor-element-2c3b7b2 e-flex e-con-boxed e-con e-child\" data-id=\"2c3b7b2\" data-element_type=\"container\" data-e-type=\"container\">\n\t\t\t\t\t<div class=\"e-con-inner\">\n\t\t\t\t<div class=\"elementor-element elementor-element-c592b92 elementor-widget elementor-widget-heading\" data-id=\"c592b92\" data-element_type=\"widget\" data-e-type=\"widget\" data-widget_type=\"heading.default\">\n\t\t\t\t\t<h2 class=\"elementor-heading-title elementor-size-default\">Our path<\/h2>\t\t\t\t<\/div>\n\t\t\t\t<div class=\"elementor-element elementor-element-fe3c61b elementor-widget elementor-widget-text-editor\" data-id=\"fe3c61b\" data-element_type=\"widget\" data-e-type=\"widget\" data-widget_type=\"text-editor.default\">\n\t\t\t\t\t\t\t\t\t<p>What began as a personal passion for teaching has become a well-established educational project under the name Estefan\u00eda Alonso Tom\u00e9. After years of experience in the teaching sector, I recognized the need to create a space where learning wasn't a burden, but rather a path to self-confidence. Thus, this center was born, with the aim of offering high-quality academic support and advanced English preparation (Cambridge) in a supportive and motivating environment. Today, we continue to grow alongside our students, maintaining our firm commitment to ensuring that every child and teenager who passes through our classrooms finds the necessary tools to reach their full academic and personal potential.<\/p>\t\t\t\t\t\t\t\t<\/div>\n\t\t\t\t\t<\/div>\n\t\t\t\t<\/div>\n\t\t\t\t\t<\/div>\n\t\t\t\t<\/div>\n\t\t<div class=\"elementor-element elementor-element-b8b8483 e-flex e-con-boxed e-con e-parent\" data-id=\"b8b8483\" data-element_type=\"container\" data-e-type=\"container\" data-settings=\"{&quot;shape_divider_bottom&quot;:&quot;clouds&quot;}\">\n\t\t\t\t\t<div class=\"e-con-inner\">\n\t\t\t\t<div class=\"elementor-shape elementor-shape-bottom\" aria-hidden=\"true\" data-negative=\"false\">\n\t\t\t<svg xmlns=\"http:\/\/www.w3.org\/2000\/svg\" viewbox=\"0 0 283.5 27.8\" preserveaspectratio=\"xMidYMax slice\">\n  <path class=\"elementor-shape-fill\" d=\"M0 0v6.7c1.9-.8 4.7-1.4 8.5-1 9.5 1.1 11.1 6 11.1 6s2.1-.7 4.3-.2c2.1.5 2.8 2.6 2.8 2.6s.2-.5 1.4-.7c1.2-.2 1.7.2 1.7.2s0-2.1 1.9-2.8c1.9-.7 3.6.7 3.6.7s.7-2.9 3.1-4.1 4.7 0 4.7 0 1.2-.5 2.4 0 1.7 1.4 1.7 1.4h1.4c.7 0 1.2.7 1.2.7s.8-1.8 4-2.2c3.5-.4 5.3 2.4 6.2 4.4.4-.4 1-.7 1.8-.9 2.8-.7 4 .7 4 .7s1.7-5 11.1-6c9.5-1.1 12.3 3.9 12.3 3.9s1.2-4.8 5.7-5.7c4.5-.9 6.8 1.8 6.8 1.8s.6-.6 1.5-.9c.9-.2 1.9-.2 1.9-.2s5.2-6.4 12.6-3.3c7.3 3.1 4.7 9 4.7 9s1.9-.9 4 0 2.8 2.4 2.8 2.4 1.9-1.2 4.5-1.2 4.3 1.2 4.3 1.2.2-1 1.4-1.7 2.1-.7 2.1-.7-.5-3.1 2.1-5.5 5.7-1.4 5.7-1.4 1.5-2.3 4.2-1.1c2.7 1.2 1.7 5.2 1.7 5.2s.3-.1 1.3.5c.5.4.8.8.9 1.1.5-1.4 2.4-5.8 8.4-4 7.1 2.1 3.5 8.9 3.5 8.9s.8-.4 2 0 1.1 1.1 1.1 1.1 1.1-1.1 2.3-1.1 2.1.5 2.1.5 1.9-3.6 6.2-1.2 1.9 6.4 1.9 6.4 2.6-2.4 7.4 0c3.4 1.7 3.9 4.9 3.9 4.9s3.3-6.9 10.4-7.9 11.5 2.6 11.5 2.6.8 0 1.2.2c.4.2.9.9.9.9s4.4-3.1 8.3.2c1.9 1.7 1.5 5 1.5 5s.3-1.1 1.6-1.4c1.3-.3 2.3.2 2.3.2s-.1-1.2.5-1.9 1.9-.9 1.9-.9-4.7-9.3 4.4-13.4c5.6-2.5 9.2.9 9.2.9s5-6.2 15.9-6.2 16.1 8.1 16.1 8.1.7-.2 1.6-.4V0H0z\"\/>\n<\/svg>\n\t\t<\/div>\n\t\t\t\t<div class=\"elementor-element elementor-element-2bfa530 elementor-widget elementor-widget-heading\" data-id=\"2bfa530\" data-element_type=\"widget\" data-e-type=\"widget\" data-widget_type=\"heading.default\">\n\t\t\t\t\t<h2 class=\"elementor-heading-title elementor-size-default\">Boost their academic success with a tailored education.<\/h2>\t\t\t\t<\/div>\n\t\t\t\t<div class=\"elementor-element elementor-element-36400d8 elementor-align-center elementor-widget elementor-widget-button\" data-id=\"36400d8\" data-element_type=\"widget\" data-e-type=\"widget\" data-widget_type=\"button.default\">\n\t\t\t\t\t\t\t\t\t\t<a class=\"elementor-button elementor-button-link elementor-size-sm\" href=\"https:\/\/actividadesextraescolaresea.com\/en\/contacto\/\">\n\t\t\t\t\t\t<span class=\"elementor-button-content-wrapper\">\n\t\t\t\t\t\t\t\t\t<span class=\"elementor-button-text\">Request information<\/span>\n\t\t\t\t\t<\/span>\n\t\t\t\t\t<\/a>\n\t\t\t\t\t\t\t\t<\/div>\n\t\t\t\t\t<\/div>\n\t\t\t\t<\/div>\n\t\t\t\t<\/div>","protected":false},"excerpt":{"rendered":"<p>Alcanza tus metas TU \u00c9XITO COMIENZA AQUi Preparaci\u00f3n para los ex\u00e1menes oficiales de cambridge, Refuerzo escolar personalizado, T\u00e9cnicas de estudio eficaces, Seguimiento individual y Apoyo pedag\u00f3gico continuo. VER SERVICIOS &gt; Nuestro camino Lo que comenz\u00f3 como una pasi\u00f3n personal por la ense\u00f1anza se ha convertido en un proyecto educativo consolidado bajo el nombre de Estefan\u00eda [&hellip;]<\/p>\n","protected":false},"author":1,"featured_media":0,"parent":0,"menu_order":0,"comment_status":"closed","ping_status":"closed","template":"elementor_canvas","meta":{"footnotes":""},"class_list":["post-9","page","type-page","status-publish","hentry"],"yoast_head":"<!-- This site is optimized with the Yoast SEO plugin v27.5 - https:\/\/yoast.com\/product\/yoast-seo-wordpress\/ -->\n<title>Inicio - Actividades Extraescolares Estefan\u00eda Alonso<\/title>\n<meta name=\"robots\" content=\"index, follow, max-snippet:-1, max-image-preview:large, max-video-preview:-1\" \/>\n<link rel=\"canonical\" href=\"https:\/\/actividadesextraescolaresea.com\/en\/\" \/>\n<meta property=\"og:locale\" content=\"en_GB\" \/>\n<meta property=\"og:type\" content=\"article\" \/>\n<meta property=\"og:title\" content=\"Inicio - Actividades Extraescolares Estefan\u00eda Alonso\" \/>\n<meta property=\"og:description\" content=\"Alcanza tus metas TU \u00c9XITO COMIENZA AQUi Preparaci\u00f3n para los ex\u00e1menes oficiales de cambridge, Refuerzo escolar personalizado, T\u00e9cnicas de estudio eficaces, Seguimiento individual y Apoyo pedag\u00f3gico continuo. VER SERVICIOS &gt; Nuestro camino Lo que comenz\u00f3 como una pasi\u00f3n personal por la ense\u00f1anza se ha convertido en un proyecto educativo consolidado bajo el nombre de Estefan\u00eda [&hellip;]\" \/>\n<meta property=\"og:url\" content=\"https:\/\/actividadesextraescolaresea.com\/en\/\" \/>\n<meta property=\"og:site_name\" content=\"Actividades Extraescolares Estefan\u00eda Alonso\" \/>\n<meta property=\"article:modified_time\" content=\"2026-05-11T13:33:17+00:00\" \/>\n<meta property=\"og:image\" content=\"https:\/\/actividadesextraescolaresea.com\/wp-content\/uploads\/2026\/05\/abstract-book-with-glowing-light-and-doodle-graphi-2026-03-26-04-47-10-utc-scaled.jpg\" \/>\n\t<meta property=\"og:image:width\" content=\"2560\" \/>\n\t<meta property=\"og:image:height\" content=\"2270\" \/>\n\t<meta property=\"og:image:type\" content=\"image\/jpeg\" \/>\n<meta name=\"twitter:card\" content=\"summary_large_image\" \/>\n<meta name=\"twitter:label1\" content=\"Estimated reading time\" \/>\n\t<meta name=\"twitter:data1\" content=\"1 minute\" \/>\n<script type=\"application\/ld+json\" class=\"yoast-schema-graph\">{\"@context\":\"https:\\\/\\\/schema.org\",\"@graph\":[{\"@type\":\"WebPage\",\"@id\":\"https:\\\/\\\/actividadesextraescolaresea.com\\\/\",\"url\":\"https:\\\/\\\/actividadesextraescolaresea.com\\\/\",\"name\":\"Inicio - Actividades Extraescolares Estefan\u00eda Alonso\",\"isPartOf\":{\"@id\":\"https:\\\/\\\/actividadesextraescolaresea.com\\\/#website\"},\"primaryImageOfPage\":{\"@id\":\"https:\\\/\\\/actividadesextraescolaresea.com\\\/#primaryimage\"},\"image\":{\"@id\":\"https:\\\/\\\/actividadesextraescolaresea.com\\\/#primaryimage\"},\"thumbnailUrl\":\"https:\\\/\\\/actividadesextraescolaresea.com\\\/wp-content\\\/uploads\\\/2026\\\/05\\\/abstract-book-with-glowing-light-and-doodle-graphi-2026-03-26-04-47-10-utc-scaled.jpg\",\"datePublished\":\"2026-05-06T12:03:21+00:00\",\"dateModified\":\"2026-05-11T13:33:17+00:00\",\"breadcrumb\":{\"@id\":\"https:\\\/\\\/actividadesextraescolaresea.com\\\/#breadcrumb\"},\"inLanguage\":\"en-GB\",\"potentialAction\":[{\"@type\":\"ReadAction\",\"target\":[\"https:\\\/\\\/actividadesextraescolaresea.com\\\/\"]}]},{\"@type\":\"ImageObject\",\"inLanguage\":\"en-GB\",\"@id\":\"https:\\\/\\\/actividadesextraescolaresea.com\\\/#primaryimage\",\"url\":\"https:\\\/\\\/actividadesextraescolaresea.com\\\/wp-content\\\/uploads\\\/2026\\\/05\\\/abstract-book-with-glowing-light-and-doodle-graphi-2026-03-26-04-47-10-utc-scaled.jpg\",\"contentUrl\":\"https:\\\/\\\/actividadesextraescolaresea.com\\\/wp-content\\\/uploads\\\/2026\\\/05\\\/abstract-book-with-glowing-light-and-doodle-graphi-2026-03-26-04-47-10-utc-scaled.jpg\"},{\"@type\":\"BreadcrumbList\",\"@id\":\"https:\\\/\\\/actividadesextraescolaresea.com\\\/#breadcrumb\",\"itemListElement\":[{\"@type\":\"ListItem\",\"position\":1,\"name\":\"Portada\",\"item\":\"https:\\\/\\\/actividadesextraescolaresea.com\\\/\"},{\"@type\":\"ListItem\",\"position\":2,\"name\":\"Inicio\"}]},{\"@type\":\"WebSite\",\"@id\":\"https:\\\/\\\/actividadesextraescolaresea.com\\\/#website\",\"url\":\"https:\\\/\\\/actividadesextraescolaresea.com\\\/\",\"name\":\"Actividades Extraescolares Estefan\u00eda Alonso\",\"description\":\"\",\"publisher\":{\"@id\":\"https:\\\/\\\/actividadesextraescolaresea.com\\\/#organization\"},\"potentialAction\":[{\"@type\":\"SearchAction\",\"target\":{\"@type\":\"EntryPoint\",\"urlTemplate\":\"https:\\\/\\\/actividadesextraescolaresea.com\\\/?s={search_term_string}\"},\"query-input\":{\"@type\":\"PropertyValueSpecification\",\"valueRequired\":true,\"valueName\":\"search_term_string\"}}],\"inLanguage\":\"en-GB\"},{\"@type\":\"Organization\",\"@id\":\"https:\\\/\\\/actividadesextraescolaresea.com\\\/#organization\",\"name\":\"Actividades Extraescolares Estefan\u00eda Alonso\",\"url\":\"https:\\\/\\\/actividadesextraescolaresea.com\\\/\",\"logo\":{\"@type\":\"ImageObject\",\"inLanguage\":\"en-GB\",\"@id\":\"https:\\\/\\\/actividadesextraescolaresea.com\\\/#\\\/schema\\\/logo\\\/image\\\/\",\"url\":\"https:\\\/\\\/actividadesextraescolaresea.com\\\/wp-content\\\/uploads\\\/2026\\\/05\\\/cropped-logonuevoweb.png\",\"contentUrl\":\"https:\\\/\\\/actividadesextraescolaresea.com\\\/wp-content\\\/uploads\\\/2026\\\/05\\\/cropped-logonuevoweb.png\",\"width\":1535,\"height\":605,\"caption\":\"Actividades Extraescolares Estefan\u00eda Alonso\"},\"image\":{\"@id\":\"https:\\\/\\\/actividadesextraescolaresea.com\\\/#\\\/schema\\\/logo\\\/image\\\/\"}}]}<\/script>\n<!-- \/ Yoast SEO plugin. -->","yoast_head_json":{"title":"Inicio - Actividades Extraescolares Estefan\u00eda Alonso","robots":{"index":"index","follow":"follow","max-snippet":"max-snippet:-1","max-image-preview":"max-image-preview:large","max-video-preview":"max-video-preview:-1"},"canonical":"https:\/\/actividadesextraescolaresea.com\/en\/","og_locale":"en_GB","og_type":"article","og_title":"Inicio - Actividades Extraescolares Estefan\u00eda Alonso","og_description":"Alcanza tus metas TU \u00c9XITO COMIENZA AQUi Preparaci\u00f3n para los ex\u00e1menes oficiales de cambridge, Refuerzo escolar personalizado, T\u00e9cnicas de estudio eficaces, Seguimiento individual y Apoyo pedag\u00f3gico continuo. VER SERVICIOS &gt; Nuestro camino Lo que comenz\u00f3 como una pasi\u00f3n personal por la ense\u00f1anza se ha convertido en un proyecto educativo consolidado bajo el nombre de Estefan\u00eda [&hellip;]","og_url":"https:\/\/actividadesextraescolaresea.com\/en\/","og_site_name":"Actividades Extraescolares Estefan\u00eda Alonso","article_modified_time":"2026-05-11T13:33:17+00:00","og_image":[{"width":2560,"height":2270,"url":"https:\/\/actividadesextraescolaresea.com\/wp-content\/uploads\/2026\/05\/abstract-book-with-glowing-light-and-doodle-graphi-2026-03-26-04-47-10-utc-scaled.jpg","type":"image\/jpeg"}],"twitter_card":"summary_large_image","twitter_misc":{"Estimated reading time":"1 minute"},"schema":{"@context":"https:\/\/schema.org","@graph":[{"@type":"WebPage","@id":"https:\/\/actividadesextraescolaresea.com\/","url":"https:\/\/actividadesextraescolaresea.com\/","name":"Inicio - Actividades Extraescolares Estefan\u00eda Alonso","isPartOf":{"@id":"https:\/\/actividadesextraescolaresea.com\/#website"},"primaryImageOfPage":{"@id":"https:\/\/actividadesextraescolaresea.com\/#primaryimage"},"image":{"@id":"https:\/\/actividadesextraescolaresea.com\/#primaryimage"},"thumbnailUrl":"https:\/\/actividadesextraescolaresea.com\/wp-content\/uploads\/2026\/05\/abstract-book-with-glowing-light-and-doodle-graphi-2026-03-26-04-47-10-utc-scaled.jpg","datePublished":"2026-05-06T12:03:21+00:00","dateModified":"2026-05-11T13:33:17+00:00","breadcrumb":{"@id":"https:\/\/actividadesextraescolaresea.com\/#breadcrumb"},"inLanguage":"en-GB","potentialAction":[{"@type":"ReadAction","target":["https:\/\/actividadesextraescolaresea.com\/"]}]},{"@type":"ImageObject","inLanguage":"en-GB","@id":"https:\/\/actividadesextraescolaresea.com\/#primaryimage","url":"https:\/\/actividadesextraescolaresea.com\/wp-content\/uploads\/2026\/05\/abstract-book-with-glowing-light-and-doodle-graphi-2026-03-26-04-47-10-utc-scaled.jpg","contentUrl":"https:\/\/actividadesextraescolaresea.com\/wp-content\/uploads\/2026\/05\/abstract-book-with-glowing-light-and-doodle-graphi-2026-03-26-04-47-10-utc-scaled.jpg"},{"@type":"BreadcrumbList","@id":"https:\/\/actividadesextraescolaresea.com\/#breadcrumb","itemListElement":[{"@type":"ListItem","position":1,"name":"Portada","item":"https:\/\/actividadesextraescolaresea.com\/"},{"@type":"ListItem","position":2,"name":"Inicio"}]},{"@type":"WebSite","@id":"https:\/\/actividadesextraescolaresea.com\/#website","url":"https:\/\/actividadesextraescolaresea.com\/","name":"Actividades Extraescolares Estefan\u00eda Alonso","description":"","publisher":{"@id":"https:\/\/actividadesextraescolaresea.com\/#organization"},"potentialAction":[{"@type":"SearchAction","target":{"@type":"EntryPoint","urlTemplate":"https:\/\/actividadesextraescolaresea.com\/?s={search_term_string}"},"query-input":{"@type":"PropertyValueSpecification","valueRequired":true,"valueName":"search_term_string"}}],"inLanguage":"en-GB"},{"@type":"Organization","@id":"https:\/\/actividadesextraescolaresea.com\/#organization","name":"Actividades Extraescolares Estefan\u00eda Alonso","url":"https:\/\/actividadesextraescolaresea.com\/","logo":{"@type":"ImageObject","inLanguage":"en-GB","@id":"https:\/\/actividadesextraescolaresea.com\/#\/schema\/logo\/image\/","url":"https:\/\/actividadesextraescolaresea.com\/wp-content\/uploads\/2026\/05\/cropped-logonuevoweb.png","contentUrl":"https:\/\/actividadesextraescolaresea.com\/wp-content\/uploads\/2026\/05\/cropped-logonuevoweb.png","width":1535,"height":605,"caption":"Actividades Extraescolares Estefan\u00eda Alonso"},"image":{"@id":"https:\/\/actividadesextraescolaresea.com\/#\/schema\/logo\/image\/"}}]}},"_links":{"self":[{"href":"https:\/\/actividadesextraescolaresea.com\/en\/wp-json\/wp\/v2\/pages\/9","targetHints":{"allow":["GET"]}}],"collection":[{"href":"https:\/\/actividadesextraescolaresea.com\/en\/wp-json\/wp\/v2\/pages"}],"about":[{"href":"https:\/\/actividadesextraescolaresea.com\/en\/wp-json\/wp\/v2\/types\/page"}],"author":[{"embeddable":true,"href":"https:\/\/actividadesextraescolaresea.com\/en\/wp-json\/wp\/v2\/users\/1"}],"replies":[{"embeddable":true,"href":"https:\/\/actividadesextraescolaresea.com\/en\/wp-json\/wp\/v2\/comments?post=9"}],"version-history":[{"count":73,"href":"https:\/\/actividadesextraescolaresea.com\/en\/wp-json\/wp\/v2\/pages\/9\/revisions"}],"predecessor-version":[{"id":499,"href":"https:\/\/actividadesextraescolaresea.com\/en\/wp-json\/wp\/v2\/pages\/9\/revisions\/499"}],"wp:attachment":[{"href":"https:\/\/actividadesextraescolaresea.com\/en\/wp-json\/wp\/v2\/media?parent=9"}],"curies":[{"name":"wp","href":"https:\/\/api.w.org\/{rel}","templated":true}]}}